{"id":5409,"date":"2022-11-03T13:53:26","date_gmt":"2022-11-03T13:53:26","guid":{"rendered":"https:\/\/firstimmotanger.ma\/?page_id=5409"},"modified":"2023-09-07T14:54:45","modified_gmt":"2023-09-07T14:54:45","slug":"agents-widgets-2","status":"publish","type":"page","link":"https:\/\/firstimmotanger.ma\/?page_id=5409","title":{"rendered":"\u00c0 propos"},"content":{"rendered":"\t\t<div data-elementor-type=\"wp-page\" data-elementor-id=\"5409\" class=\"elementor elementor-5409\">\n\t\t\t\t\t\t<section class=\"elementor-section elementor-top-section elementor-element elementor-element-191dc59c elementor-section-full_width elementor-section-height-default elementor-section-height-default\" data-id=\"191dc59c\" data-element_type=\"section\">\n\t\t\t\t\t\t<div class=\"elementor-container elementor-column-gap-no\">\n\t\t\t\t\t<div class=\"elementor-column elementor-col-100 elementor-top-column elementor-element elementor-element-2127f94e\" data-id=\"2127f94e\" data-element_type=\"column\">\n\t\t\t<div class=\"elementor-widget-wrap elementor-element-populated\">\n\t\t\t\t\t\t<div class=\"elementor-element elementor-element-53e32416 elementor-widget elementor-widget-ere-cta-widget\" data-id=\"53e32416\" data-element_type=\"widget\" data-widget_type=\"ere-cta-widget.default\">\n\t\t\t\t<div class=\"elementor-widget-container\">\n\t\t\t        <section\n                class=\"rh_elementor_widget rh_section__cta_elementor rh_cta--featured_elementor ere_cta_parallax\" style=\"background-size: contain; background-image: url(https:\/\/firstimmotanger.ma\/wp-content\/uploads\/2015\/07\/office-interior-01.jpg ) \">\n\n\n\t\t\t                <div class=\"elementor_overlay_cta_1\"><\/div>\n\t\t\t            <div class=\"wrapper-section-contents_elementor\">\n                <div class=\"rh_cta__wrap_elementor\">\n\n\t\t\t\t\t\n\t\t\t\t\t                        <h3 class=\"rh_cta__quote\">A PROPOS DE NOUS<\/h3>\n\t\t\t\t\t\n                    <div class=\"rh_cta__btns_elementor\">\n\n\t\t\t\t\t\t\n\t\t\t\t\t\t\n                    <\/div>\n\n                <\/div>\n            <\/div>\n\n        <\/section>\n\n\t\t\t\t<\/div>\n\t\t\t\t<\/div>\n\t\t\t\t\t<\/div>\n\t\t<\/div>\n\t\t\t\t\t<\/div>\n\t\t<\/section>\n\t\t\t\t<section class=\"elementor-section elementor-top-section elementor-element elementor-element-1feaeadc elementor-section-boxed elementor-section-height-default elementor-section-height-default\" data-id=\"1feaeadc\" data-element_type=\"section\" data-settings=\"{&quot;background_background&quot;:&quot;classic&quot;}\">\n\t\t\t\t\t\t<div class=\"elementor-container elementor-column-gap-no\">\n\t\t\t\t\t<div class=\"elementor-column elementor-col-100 elementor-top-column elementor-element elementor-element-193e5ea2\" data-id=\"193e5ea2\" data-element_type=\"column\">\n\t\t\t<div class=\"elementor-widget-wrap elementor-element-populated\">\n\t\t\t\t\t\t<div class=\"elementor-element elementor-element-7d299805 elementor-widget elementor-widget-ere-section-title-widget\" data-id=\"7d299805\" data-element_type=\"widget\" data-widget_type=\"ere-section-title-widget.default\">\n\t\t\t\t<div class=\"elementor-widget-container\">\n\t\t\t            <div class=\"rh_elementor_widget re_section_head_elementor\">\n\t\t\t\t\n\t\t\t\t                    <h2 class=\"rh_section__title\">Qui sommes nous?<\/h2>\n\t\t\t\t\n\t\t\t\t            <\/div>\n\t\t\t\t\t<\/div>\n\t\t\t\t<\/div>\n\t\t\t\t<div class=\"elementor-element elementor-element-7ad7cc07 elementor-widget elementor-widget-rhea-agent-profile-widget\" data-id=\"7ad7cc07\" data-element_type=\"widget\" data-widget_type=\"rhea-agent-profile-widget.default\">\n\t\t\t\t<div class=\"elementor-widget-container\">\n\t\t\t        <div class=\"rhea_sa_wrapper  rhea_text_align_initial\">\n            <div class=\"rhea_sa_thumbnail_wrapper\">\n                <div class=\"rhea_sa_thumbnail_box\">\n\t\t\t\t\t<div class=\"rhea_agent_figure\"><img decoding=\"async\" src=\"https:\/\/firstimmotanger.ma\/wp-content\/uploads\/2023\/04\/logo-1.png\" title=\"logo\" alt=\"logo\" loading=\"lazy\" \/><\/div>                        <div class=\"rhea_sa_svg_box \">\n\t\t\t\t\t\t\t<svg xmlns=\"http:\/\/www.w3.org\/2000\/svg\" viewBox=\"0 0 540 540\">\n    <style type=\"text\/css\">\n\n        .st0{fill-rule:evenodd;clip-rule:evenodd;}\n\n    <\/style>\n    <path class=\"rhea_mask\" d=\"M0 0v540h540V0H0zM508.4 502c0 14.9-13.3 27-29.6 27 0 0-71.5 9-173.8 9 -130.2 0-273.4-18-273.4-18C15.3 520 2 507.9 2 493V38c0-14.9 13.3-27 29.6-27 0 0 93.7-9 197.5-9 129.2 0 264.4 11.3 264.4 11.3 16.4 0 29.6 12.1 29.6 27 0 0 14.8 103.8 14.8 212.6C538 378.3 508.4 502 508.4 502z\"\/>\n<\/svg>                        <\/div>\n\t\t\t\t\t\t                <\/div>\n            <\/div>\n            <div class=\"rhea_sa_detail_wrapper\">\n\t\t\t\t                    <span class=\"rhea_sa_designation\">Agence Immobilier<\/span>\n\t\t\t\t\t                        <h3 class=\"rhea_sa_title\">\n                            <a href=\"https:\/\/firstimmotanger.ma\/\"\n\t\t                         target=&quot;_blank&quot;  rel=&quot;nofollow&quot;  >\n\t\t                        First Immo Tanger                            <\/a>\n\t                                                <\/h3>\n\t\t\t\t\t\t                    <p class=\"rhea_sa_sub_title\">Notre objectif est de rendre accessible \u00e0 tous la location, l&#039;achat ou la gestion d&#039;un bien immobilier<\/p>\n\t\t\t\t\t                <div class=\"rhea_sa_detail_wrapper_lg_devices\">\n\t\t\t\t\t                        <div class=\"rhea_sa_detail\"><p>Nous sommes une agence immobili\u00e8re avec une vaste et solide exp\u00e9rience sur le march\u00e9 immobilier dans les r\u00e9gions du nord du Maroc.<\/p><p>nous sommes sp\u00e9cialis\u00e9s dans tous types de transactions immobili\u00e8res de moyen et haut standing. nous nous effor\u00e7ons de rendre le processus plus facile, plus rapide et plus avantageux pour toutes les parties<\/p><\/div>\n\t\t\t\t\t\t                        <div class=\"rhea_sa_phone_email_wrapper rhea_sa_icon_align_left\">\n\n\t\t\t\t\t\t\t                                <div class=\"rhea_sa_phone_box\">\n\t\t\t\t\t\t\t\t\t                                        <i class=\"rhea_sa_icon rhea_sa_phone fas fa-phone-alt\"><\/i>\n\t\t\t\t\t\t\t\t\t\t                                    <span class=\"rhea_sa_contact_wrapper rhea_sa_wrapper_phone\">\n                                                            <span class=\"rhea_sa_label rhea_sa_phone_label\">Phone<\/span>\n\t                                                                    <a href=\"tel:05393-40112\"\n                                           class=\"rhea_sa_contact rhea_sa_phone_number\">\n                                    05393-40112                                <\/a>\n                        <\/span>\n                                <\/div>\n\t\t\t\t\t\t\t\t\n                                <div class=\"rhea_sa_email_box\">\n\t\t\t\t\t\t\t\t\t                                        <i class=\"rhea_sa_icon rhea_sa_email fas fa-envelope\"><\/i>\n\t\t\t\t\t\t\t\t\t\t                                    <span class=\"rhea_sa_contact_wrapper rhea_sa_wrapper_email\">\n\t\t\t\t\t\t                            <span class=\"rhea_sa_label rhea_sa_email_label\">Email<\/span>\n\t\t\t\t\t\t\t                                        <a href=\"mailto:i&#110;&#102;o&#064;&#102;&#105;&#114;&#115;&#116;i&#109;&#109;ota&#110;&#103;e&#114;&#046;c&#111;&#109;\"\n                                           class=\"rhea_sa_contact rhea_sa_email_id\">\n                                &#105;nf&#111;&#064;&#102;i&#114;s&#116;&#105;&#109;&#109;&#111;tange&#114;.&#099;om                                <\/a>\n                             <\/span>\n                                <\/div>\n\t\t\t\t\t\t\t\t\n                        <\/div>\n\t\t\t\t\t\t                        <a class=\"rhea_sa_button\"\n                           href=\"https:\/\/firstimmotanger.ma\/contact\/\"\n\t\t\t\t\t\t\t target=&quot;_blank&quot;  rel=&quot;nofollow&quot;  >\n\t\t\t\t\t\t\tContactez-nous                        <\/a>\n\t\t\t\t\t\t                <\/div>\n            <\/div>\n\n            <div class=\"rhea_sa_detail_wrapper_sm_devices\">\n\t\t\t\t                    <div class=\"rhea_sa_detail\"><p>Nous sommes une agence immobili\u00e8re avec une vaste et solide exp\u00e9rience sur le march\u00e9 immobilier dans les r\u00e9gions du nord du Maroc.<\/p><p>nous sommes sp\u00e9cialis\u00e9s dans tous types de transactions immobili\u00e8res de moyen et haut standing. nous nous effor\u00e7ons de rendre le processus plus facile, plus rapide et plus avantageux pour toutes les parties<\/p><\/div>\n\t\t\t\t\t                    <div class=\"rhea_sa_phone_email_wrapper rhea_sa_icon_align_left\">\n\n\t\t\t\t\t\t                            <div class=\"rhea_sa_phone_box\">\n\t\t\t\t\t\t\t\t                                    <i class=\"rhea_sa_icon rhea_sa_phone fas fa-phone-alt\"><\/i>\n\t\t\t\t\t\t\t\t\t                                <span class=\"rhea_sa_contact_wrapper rhea_sa_wrapper_phone\">\n                                                            <span class=\"rhea_sa_label rhea_sa_phone_label\">Phone<\/span>\n\t                                                                <a href=\"tel:05393-40112\"\n                                       class=\"rhea_sa_contact rhea_sa_phone_number\">\n                                    05393-40112                                <\/a>\n                        <\/span>\n                            <\/div>\n\t\t\t\t\t\t\t\n                            <div class=\"rhea_sa_email_box\">\n\t\t\t\t\t\t\t\t                                    <i class=\"rhea_sa_icon rhea_sa_email fas fa-envelope\"><\/i>\n\t\t\t\t\t\t\t\t\t                                <span class=\"rhea_sa_contact_wrapper rhea_sa_wrapper_email\">\n\t\t\t\t\t\t                            <span class=\"rhea_sa_label rhea_sa_email_label\">Email<\/span>\n\t\t\t\t\t\t\t                                    <a href=\"mailto:&#105;n&#102;o&#064;fi&#114;s&#116;immotange&#114;&#046;c&#111;&#109;\"\n                                       class=\"rhea_sa_contact rhea_sa_email_id\">\n                                &#105;&#110;&#102;&#111;&#064;fi&#114;&#115;t&#105;m&#109;otanger.c&#111;m                                <\/a>\n                             <\/span>\n                            <\/div>\n\t\t\t\t\t\t\t\n                    <\/div>\n\t\t\t\t\t                    <a class=\"rhea_sa_button\" href=\"https:\/\/firstimmotanger.ma\/contact\/\"\n\t\t\t\t\t\t target=&quot;_blank&quot;  rel=&quot;nofollow&quot;  >\n\t\t\t\t\t\tContactez-nous                    <\/a>\n\t\t\t\t\t            <\/div>\n        <\/div>\n\t\t\t\t<\/div>\n\t\t\t\t<\/div>\n\t\t\t\t\t<\/div>\n\t\t<\/div>\n\t\t\t\t\t<\/div>\n\t\t<\/section>\n\t\t\t\t<section class=\"elementor-section elementor-top-section elementor-element elementor-element-7a84adf1 elementor-section-full_width elementor-section-height-default elementor-section-height-default\" data-id=\"7a84adf1\" data-element_type=\"section\">\n\t\t\t\t\t\t<div class=\"elementor-container elementor-column-gap-no\">\n\t\t\t\t\t<div class=\"elementor-column elementor-col-100 elementor-top-column elementor-element elementor-element-d97d73c\" data-id=\"d97d73c\" data-element_type=\"column\">\n\t\t\t<div class=\"elementor-widget-wrap elementor-element-populated\">\n\t\t\t\t\t\t<div class=\"elementor-element elementor-element-7679e5a5 elementor-widget elementor-widget-spacer\" data-id=\"7679e5a5\" data-element_type=\"widget\" data-widget_type=\"spacer.default\">\n\t\t\t\t<div class=\"elementor-widget-container\">\n\t\t\t<style>\/*! elementor - v3.20.0 - 10-04-2024 *\/\n.elementor-column .elementor-spacer-inner{height:var(--spacer-size)}.e-con{--container-widget-width:100%}.e-con-inner>.elementor-widget-spacer,.e-con>.elementor-widget-spacer{width:var(--container-widget-width,var(--spacer-size));--align-self:var(--container-widget-align-self,initial);--flex-shrink:0}.e-con-inner>.elementor-widget-spacer>.elementor-widget-container,.e-con>.elementor-widget-spacer>.elementor-widget-container{height:100%;width:100%}.e-con-inner>.elementor-widget-spacer>.elementor-widget-container>.elementor-spacer,.e-con>.elementor-widget-spacer>.elementor-widget-container>.elementor-spacer{height:100%}.e-con-inner>.elementor-widget-spacer>.elementor-widget-container>.elementor-spacer>.elementor-spacer-inner,.e-con>.elementor-widget-spacer>.elementor-widget-container>.elementor-spacer>.elementor-spacer-inner{height:var(--container-widget-height,var(--spacer-size))}.e-con-inner>.elementor-widget-spacer.elementor-widget-empty,.e-con>.elementor-widget-spacer.elementor-widget-empty{position:relative;min-height:22px;min-width:22px}.e-con-inner>.elementor-widget-spacer.elementor-widget-empty .elementor-widget-empty-icon,.e-con>.elementor-widget-spacer.elementor-widget-empty .elementor-widget-empty-icon{position:absolute;top:0;bottom:0;left:0;right:0;margin:auto;padding:0;width:22px;height:22px}<\/style>\t\t<div class=\"elementor-spacer\">\n\t\t\t<div class=\"elementor-spacer-inner\"><\/div>\n\t\t<\/div>\n\t\t\t\t<\/div>\n\t\t\t\t<\/div>\n\t\t\t\t\t<\/div>\n\t\t<\/div>\n\t\t\t\t\t<\/div>\n\t\t<\/section>\n\t\t\t\t<section class=\"elementor-section elementor-top-section elementor-element elementor-element-1a767c5c elementor-section-full_width elementor-section-height-default elementor-section-height-default\" data-id=\"1a767c5c\" data-element_type=\"section\">\n\t\t\t\t\t\t<div class=\"elementor-container elementor-column-gap-no\">\n\t\t\t\t\t<div class=\"elementor-column elementor-col-100 elementor-top-column elementor-element elementor-element-3a6ebcb8\" data-id=\"3a6ebcb8\" data-element_type=\"column\">\n\t\t\t<div class=\"elementor-widget-wrap elementor-element-populated\">\n\t\t\t\t\t\t<div class=\"elementor-element elementor-element-1b6b94e4 elementor-widget elementor-widget-ere-cta-three-widget\" data-id=\"1b6b94e4\" data-element_type=\"widget\" data-widget_type=\"ere-cta-three-widget.default\">\n\t\t\t\t<div class=\"elementor-widget-container\">\n\t\t\t\n\n\t\t\n        <section\n                class=\"rh_elementor_widget rh_section__cta_elementor_three rh_cta--featured_elementor\n rhea_flip_content_cta \">\n\n            <div class=\"rh_bg_cta_three\n    ere_cta_parallax rhea_cta_flip_image\"\n                                  style=\"background-size: cover; background-image: url(https:\/\/di.realhomes.io\/elementor-modern\/wp-content\/uploads\/sites\/10\/2021\/06\/cta-bg-01.jpg ) \"\n                        ><\/div>\n\n\t\t\t                <div class=\"rhea_overlay_cta_3\"><\/div>\n\t\t\t\n            <div class=\"wrapper_content_cta_3_box\">\n\n                <div class=\"wrapper_content_cta_3_gutter\">\n                <\/div>\n                <div class=\"wrapper_content_cta_3\"\n                                     >\n\t\t\t\t\t                        <h2 class=\"rhea_label_cta_3\">\n\t\t\t\t\t\t\tSouhaitez-vous que nous g\u00e9rions votre bien ?                        <\/h2>\n\t\t\t\t\t\t                        <div class=\"rhea_description_cta_3\">\n                            <p>\n\t                        Nous avons un solide portefeuille de propri\u00e9t\u00e9s \u00e0 Tanger que nous prenons en charge et g\u00e9rons pour nos clients satisfaits et nos locataires qualifi\u00e9s. nous vous lib\u00e9rons de tous les probl\u00e8mes que vous pourriez rencontrer lors de la location de votre propri\u00e9t\u00e9.                            <\/p>\n                        <\/div>\n\t\t\t\t\t\t                        <div class=\"rh_cta__btns_elementor_three\">\n                            <a class=\"cta_three_elementor_button\"\n\t\t\t\t\t\t\t\t                                    href=\"https:\/\/firstimmotanger.ma\/soumettre-votre-propriete\/?module=properties&#038;submodule=submit-property\">\n\t\t\t\t\t\t\t\tRejoignez-nous                            <\/a>\n                        <\/div>\n\t\t\t\t\t\t\n                <\/div>\n            <\/div>\n\n        <\/section>\n\n        \t\t<\/div>\n\t\t\t\t<\/div>\n\t\t\t\t\t<\/div>\n\t\t<\/div>\n\t\t\t\t\t<\/div>\n\t\t<\/section>\n\t\t\t\t<section class=\"elementor-section elementor-top-section elementor-element elementor-element-31523e63 elementor-section-full_width elementor-section-height-default elementor-section-height-default\" data-id=\"31523e63\" data-element_type=\"section\">\n\t\t\t\t\t\t<div class=\"elementor-container elementor-column-gap-no\">\n\t\t\t\t\t<div class=\"elementor-column elementor-col-100 elementor-top-column elementor-element elementor-element-1c9ca6d9\" data-id=\"1c9ca6d9\" data-element_type=\"column\">\n\t\t\t<div class=\"elementor-widget-wrap elementor-element-populated\">\n\t\t\t\t\t\t<div class=\"elementor-element elementor-element-265f407f elementor-widget elementor-widget-spacer\" data-id=\"265f407f\" data-element_type=\"widget\" data-widget_type=\"spacer.default\">\n\t\t\t\t<div class=\"elementor-widget-container\">\n\t\t\t\t\t<div class=\"elementor-spacer\">\n\t\t\t<div class=\"elementor-spacer-inner\"><\/div>\n\t\t<\/div>\n\t\t\t\t<\/div>\n\t\t\t\t<\/div>\n\t\t\t\t\t<\/div>\n\t\t<\/div>\n\t\t\t\t\t<\/div>\n\t\t<\/section>\n\t\t<div class=\"elementor-element elementor-element-6bd2f70 e-flex e-con-boxed e-con e-parent\" data-id=\"6bd2f70\" data-element_type=\"container\" data-core-v316-plus=\"true\">\n\t\t\t\t\t<div class=\"e-con-inner\">\n\t\t\t\t<div class=\"elementor-element elementor-element-d570101 elementor-widget elementor-widget-google_maps\" data-id=\"d570101\" data-element_type=\"widget\" data-widget_type=\"google_maps.default\">\n\t\t\t\t<div class=\"elementor-widget-container\">\n\t\t\t<style>\/*! elementor - v3.20.0 - 10-04-2024 *\/\n.elementor-widget-google_maps .elementor-widget-container{overflow:hidden}.elementor-widget-google_maps .elementor-custom-embed{line-height:0}.elementor-widget-google_maps iframe{height:300px}<\/style>\t\t<div class=\"elementor-custom-embed\">\n\t\t\t<iframe loading=\"lazy\"\n\t\t\t\t\tsrc=\"https:\/\/maps.google.com\/maps?q=First%20Immo%2C%20N%C2%BA8%2C%2084%20avenue%20mohamed%20V%20Etg3%2C%20Tanger%2090000&#038;t=m&#038;z=18&#038;output=embed&#038;iwloc=near\"\n\t\t\t\t\ttitle=\"First Immo, N\u00ba8, 84 avenue mohamed V Etg3, Tanger 90000\"\n\t\t\t\t\taria-label=\"First Immo, N\u00ba8, 84 avenue mohamed V Etg3, Tanger 90000\"\n\t\t\t><\/iframe>\n\t\t<\/div>\n\t\t\t\t<\/div>\n\t\t\t\t<\/div>\n\t\t\t\t\t<\/div>\n\t\t\t\t<\/div>\n\t\t\t\t<\/div>\n\t\t","protected":false},"excerpt":{"rendered":"<p>A PROPOS DE NOUS Qui sommes nous? Agence Immobilier First Immo Tanger Notre objectif est de rendre accessible \u00e0 tous la location, l&#039;achat ou la gestion d&#039;un bien immobilier Nous sommes une agence immobili\u00e8re avec une vaste et solide exp\u00e9rience sur le march\u00e9 immobilier dans les r\u00e9gions du nord du Maroc. nous sommes sp\u00e9cialis\u00e9s dans&#8230;<\/p>\n","protected":false},"author":1,"featured_media":0,"parent":0,"menu_order":0,"comment_status":"closed","ping_status":"closed","template":"elementor_header_footer","meta":{"footnotes":""},"class_list":["post-5409","page","type-page","status-publish","hentry"],"lang":"fr","translations":{"fr":5409,"en":5419,"ar":5421},"pll_sync_post":[],"_links":{"self":[{"href":"https:\/\/firstimmotanger.ma\/index.php?rest_route=\/wp\/v2\/pages\/5409","targetHints":{"allow":["GET"]}}],"collection":[{"href":"https:\/\/firstimmotanger.ma\/index.php?rest_route=\/wp\/v2\/pages"}],"about":[{"href":"https:\/\/firstimmotanger.ma\/index.php?rest_route=\/wp\/v2\/types\/page"}],"author":[{"embeddable":true,"href":"https:\/\/firstimmotanger.ma\/index.php?rest_route=\/wp\/v2\/users\/1"}],"replies":[{"embeddable":true,"href":"https:\/\/firstimmotanger.ma\/index.php?rest_route=%2Fwp%2Fv2%2Fcomments&post=5409"}],"version-history":[{"count":40,"href":"https:\/\/firstimmotanger.ma\/index.php?rest_route=\/wp\/v2\/pages\/5409\/revisions"}],"predecessor-version":[{"id":6195,"href":"https:\/\/firstimmotanger.ma\/index.php?rest_route=\/wp\/v2\/pages\/5409\/revisions\/6195"}],"wp:attachment":[{"href":"https:\/\/firstimmotanger.ma\/index.php?rest_route=%2Fwp%2Fv2%2Fmedia&parent=5409"}],"curies":[{"name":"wp","href":"https:\/\/api.w.org\/{rel}","templated":true}]}}