{"id":5459,"date":"2022-11-03T15:47:22","date_gmt":"2022-11-03T15:47:22","guid":{"rendered":"https:\/\/firstimmotanger.ma\/?page_id=5459"},"modified":"2024-03-31T23:33:52","modified_gmt":"2024-03-31T23:33:52","slug":"expertise","status":"publish","type":"page","link":"https:\/\/firstimmotanger.ma\/?page_id=5459","title":{"rendered":"\u00c9xpertise"},"content":{"rendered":"\t\t<div data-elementor-type=\"wp-page\" data-elementor-id=\"5459\" class=\"elementor elementor-5459\">\n\t\t\t\t\t\t<section class=\"elementor-section elementor-top-section elementor-element elementor-element-191dc59c elementor-section-full_width elementor-section-height-default elementor-section-height-default\" data-id=\"191dc59c\" data-element_type=\"section\">\n\t\t\t\t\t\t<div class=\"elementor-container elementor-column-gap-no\">\n\t\t\t\t\t<div class=\"elementor-column elementor-col-100 elementor-top-column elementor-element elementor-element-2127f94e\" data-id=\"2127f94e\" data-element_type=\"column\">\n\t\t\t<div class=\"elementor-widget-wrap elementor-element-populated\">\n\t\t\t\t\t\t<div class=\"elementor-element elementor-element-53e32416 elementor-widget elementor-widget-ere-cta-widget\" data-id=\"53e32416\" data-element_type=\"widget\" data-widget_type=\"ere-cta-widget.default\">\n\t\t\t\t<div class=\"elementor-widget-container\">\n\t\t\t        <section\n                class=\"rh_elementor_widget rh_section__cta_elementor rh_cta--featured_elementor ere_cta_parallax\" style=\"background-size: cover; background-image: url(https:\/\/firstimmotanger.ma\/wp-content\/uploads\/2023\/04\/capi_9c1f8c52993748e4f96f353c9650e4e5_53681230c237a19e7ae07fc65cdc5999.jpeg ) \">\n\n\n\t\t\t                <div class=\"elementor_overlay_cta_1\"><\/div>\n\t\t\t            <div class=\"wrapper-section-contents_elementor\">\n                <div class=\"rh_cta__wrap_elementor\">\n\n\t\t\t\t\t\n\t\t\t\t\t                        <h3 class=\"rh_cta__quote\">Une expertise immobili\u00e8re in\u00e9gal\u00e9e de confiance pour vous guider \u00e0 travers chaque \u00e9tape de votre parcours immobilier<\/h3>\n\t\t\t\t\t\n                    <div class=\"rh_cta__btns_elementor\">\n\n\t\t\t\t\t\t\n\t\t\t\t\t\t\n                    <\/div>\n\n                <\/div>\n            <\/div>\n\n        <\/section>\n\n\t\t\t\t<\/div>\n\t\t\t\t<\/div>\n\t\t\t\t\t<\/div>\n\t\t<\/div>\n\t\t\t\t\t<\/div>\n\t\t<\/section>\n\t\t\t\t<section class=\"elementor-section elementor-top-section elementor-element elementor-element-1ef48290 elementor-section-full_width elementor-section-height-default elementor-section-height-default\" data-id=\"1ef48290\" data-element_type=\"section\">\n\t\t\t\t\t\t<div class=\"elementor-container elementor-column-gap-no\">\n\t\t\t\t\t<div class=\"elementor-column elementor-col-100 elementor-top-column elementor-element elementor-element-51ffa0ea\" data-id=\"51ffa0ea\" data-element_type=\"column\">\n\t\t\t<div class=\"elementor-widget-wrap elementor-element-populated\">\n\t\t\t\t\t\t<div class=\"elementor-element elementor-element-5b2ef895 elementor-widget elementor-widget-spacer\" data-id=\"5b2ef895\" data-element_type=\"widget\" data-widget_type=\"spacer.default\">\n\t\t\t\t<div class=\"elementor-widget-container\">\n\t\t\t<style>\/*! elementor - v3.20.0 - 10-04-2024 *\/\n.elementor-column .elementor-spacer-inner{height:var(--spacer-size)}.e-con{--container-widget-width:100%}.e-con-inner>.elementor-widget-spacer,.e-con>.elementor-widget-spacer{width:var(--container-widget-width,var(--spacer-size));--align-self:var(--container-widget-align-self,initial);--flex-shrink:0}.e-con-inner>.elementor-widget-spacer>.elementor-widget-container,.e-con>.elementor-widget-spacer>.elementor-widget-container{height:100%;width:100%}.e-con-inner>.elementor-widget-spacer>.elementor-widget-container>.elementor-spacer,.e-con>.elementor-widget-spacer>.elementor-widget-container>.elementor-spacer{height:100%}.e-con-inner>.elementor-widget-spacer>.elementor-widget-container>.elementor-spacer>.elementor-spacer-inner,.e-con>.elementor-widget-spacer>.elementor-widget-container>.elementor-spacer>.elementor-spacer-inner{height:var(--container-widget-height,var(--spacer-size))}.e-con-inner>.elementor-widget-spacer.elementor-widget-empty,.e-con>.elementor-widget-spacer.elementor-widget-empty{position:relative;min-height:22px;min-width:22px}.e-con-inner>.elementor-widget-spacer.elementor-widget-empty .elementor-widget-empty-icon,.e-con>.elementor-widget-spacer.elementor-widget-empty .elementor-widget-empty-icon{position:absolute;top:0;bottom:0;left:0;right:0;margin:auto;padding:0;width:22px;height:22px}<\/style>\t\t<div class=\"elementor-spacer\">\n\t\t\t<div class=\"elementor-spacer-inner\"><\/div>\n\t\t<\/div>\n\t\t\t\t<\/div>\n\t\t\t\t<\/div>\n\t\t\t\t\t<\/div>\n\t\t<\/div>\n\t\t\t\t\t<\/div>\n\t\t<\/section>\n\t\t\t\t<section class=\"elementor-section elementor-top-section elementor-element elementor-element-64fd5c07 elementor-section-full_width elementor-section-height-default elementor-section-height-default\" data-id=\"64fd5c07\" data-element_type=\"section\">\n\t\t\t\t\t\t<div class=\"elementor-container elementor-column-gap-no\">\n\t\t\t\t\t<div class=\"elementor-column elementor-col-100 elementor-top-column elementor-element elementor-element-53cbadd7\" data-id=\"53cbadd7\" data-element_type=\"column\">\n\t\t\t<div class=\"elementor-widget-wrap elementor-element-populated\">\n\t\t\t\t\t\t<div class=\"elementor-element elementor-element-2f9a85a3 elementor-widget elementor-widget-ere-section-title-widget\" data-id=\"2f9a85a3\" data-element_type=\"widget\" data-widget_type=\"ere-section-title-widget.default\">\n\t\t\t\t<div class=\"elementor-widget-container\">\n\t\t\t            <div class=\"rh_elementor_widget re_section_head_elementor\">\n\t\t\t\t                    <span class=\"rh_section__subtitle\">Rencontrer<\/span>\n\t\t\t\t\n\t\t\t\t                    <h2 class=\"rh_section__title\">Notre \u00e9quipe inspirante<\/h2>\n\t\t\t\t\n\t\t\t\t                    <p class=\"rh_section__desc\">Passionn\u00e9 par notre travail<\/p>\n\t\t\t\t            <\/div>\n\t\t\t\t\t<\/div>\n\t\t\t\t<\/div>\n\t\t\t\t\t<\/div>\n\t\t<\/div>\n\t\t\t\t\t<\/div>\n\t\t<\/section>\n\t\t\t\t<section class=\"elementor-section elementor-top-section elementor-element elementor-element-2275e2c elementor-section-boxed elementor-section-height-default elementor-section-height-default\" data-id=\"2275e2c\" data-element_type=\"section\">\n\t\t\t\t\t\t<div class=\"elementor-container elementor-column-gap-no\">\n\t\t\t\t\t<div class=\"elementor-column elementor-col-100 elementor-top-column elementor-element elementor-element-6d8c5628\" data-id=\"6d8c5628\" data-element_type=\"column\">\n\t\t\t<div class=\"elementor-widget-wrap elementor-element-populated\">\n\t\t\t\t\t\t<div class=\"elementor-element elementor-element-23fa0d34 elementor-widget elementor-widget-ere-agents-widget-2\" data-id=\"23fa0d34\" data-element_type=\"widget\" data-widget_type=\"ere-agents-widget-2.default\">\n\t\t\t\t<div class=\"elementor-widget-container\">\n\t\t\t            <div class=\"rhea_wrapper_agents_two\">\n\n                <div class=\"rhea_section__agents_two rhea_col_1\">\n\t\t\t\t\t\n<article class=\"rhea_agent_two\">\n    <div class=\"rhea_agent_two_wrap\">\n\t\t        <div class=\"rhea_agent_two_details\">\n\t\t\t                <h3 class=\"rhea_agent_two_title\">\n\t\t\t\t\t<a href=\"https:\/\/firstimmotanger.ma\/?agent=nathan-james\">Ayoub Haffoudi<\/a> \n\t\t\t\t\t                <\/h3>\n\t\t\t                <span class=\"rhea_agent_designation\">Real Estate Agent<\/span>\n\t\t\t\t                    <ul class=\"rhea_agent_two_socials\">\n\t\t\t\t\t\t                            <li class=\"rhea_item_facebook\">\n                                <a target=\"_blank\" href=\"https:\/\/www.facebook.com\/firstimmotanger\/?locale=fr_FR\">\n                                    <i class=\"fab fa-facebook fa-lg\"><\/i>\n                                <\/a>\n                            <\/li>\n\t\t\t\t\t\t\t                            <li class=\"rhea_item_instagram\">\n                                <a target=\"_blank\" href=\"https:\/\/www.instagram.com\/firstimmo.tanger\/?hl=en\">\n                                    <i class=\"fab fa-instagram fa-lg\"><\/i>\n                                <\/a>\n                            <\/li>\n\t\t\t\t\t\t\t                            <li class=\"rhea_item_youtube\">\n                                <a target=\"_blank\" href=\"https:\/\/www.facebook.com\/firstimmotanger\/?locale=fr_FR\">\n                                    <i class=\"fab fa-youtube fa-lg\"><\/i>\n                                <\/a>\n                            <\/li>\n\t\t\t\t\t\t\t                    <\/ul>\n\t\t\t\t\t                    <p class=\"rhea_agent_two_excerpt\">Interactively procrastinate high-payoff content without backward-compatible data. Quickly cultivate optimal processes and tactical architectures. Completely&hellip;<\/p>\n\t\t\t\t\t                <div class=\"rhea_agent_two_meta number mobile\">\n                    <i class=\"fas fa-mobile-alt\"><\/i>&nbsp;\n                    <a href=\"tel:+212661545292\">\n\t\t\t\t\t\t+212661545292                    <\/a>\n                <\/div>\n\t\t\t\t                <div class=\"rhea_agent_two_meta email\">\n                    <i class=\"fas fa-envelope\"><\/i>&nbsp;\n                    <a href=\"mailto:ay&#111;u&#098;&#064;&#102;ir&#115;&#116;im&#109;&#111;&#116;&#097;n&#103;e&#114;&#046;com\">\n\t\t\t\t\t\t&#097;yo&#117;b&#064;first&#105;mmo&#116;&#097;n&#103;&#101;r&#046;&#099;o&#109;                    <\/a>\n                <\/div>\n\t\t\t\t        <\/div>\n        <!-- ending .rhea_agent_two_details div -->\n    <\/div>\n    <!-- ending .rhea_agent_two_wrap div -->\n<\/article>\n<!-- ending .rhea_agent_two article -->                <\/div>\n\n            <\/div>\n\t\t\t\t\t<\/div>\n\t\t\t\t<\/div>\n\t\t\t\t\t<\/div>\n\t\t<\/div>\n\t\t\t\t\t<\/div>\n\t\t<\/section>\n\t\t\t\t<section class=\"elementor-section elementor-top-section elementor-element elementor-element-60399037 elementor-section-full_width elementor-section-height-default elementor-section-height-default\" data-id=\"60399037\" data-element_type=\"section\">\n\t\t\t\t\t\t<div class=\"elementor-container elementor-column-gap-no\">\n\t\t\t\t\t<div class=\"elementor-column elementor-col-100 elementor-top-column elementor-element elementor-element-52ff9995\" data-id=\"52ff9995\" data-element_type=\"column\">\n\t\t\t<div class=\"elementor-widget-wrap elementor-element-populated\">\n\t\t\t\t\t\t<div class=\"elementor-element elementor-element-12250d96 elementor-widget elementor-widget-ere-cta-two-widget\" data-id=\"12250d96\" data-element_type=\"widget\" data-widget_type=\"ere-cta-two-widget.default\">\n\t\t\t\t<div class=\"elementor-widget-container\">\n\t\t\t        <section\n                class=\"rh_elementor_widget rh_section__cta_elementor_two rh_cta--featured_elementor ere_cta_parallax\" style=\"background-size: cover; background-image: url(https:\/\/firstimmotanger.ma\/wp-content\/uploads\/2023\/04\/3f2a1a95b4b544418e0be52e21bd52b7.jpg ) \">\n\n\n\t\t\t                <div class=\"elementor_overlay_cta_1\"><\/div>\n\t\t\t            <div class=\"wrapper-section-contents_elementor\">\n                <div class=\"rh_cta__wrap_elementor\">\n\n\t\t\t\t\t                        <p class=\"rh_cta__title\">Looking for More?<\/p>\n\t\t\t\t\t\n\t\t\t\t\t                        <h3 class=\"rh_cta__quote\">D\u00e9couvrez votre maison de r\u00eave d\u00e8s aujourd&#039;hui - Parcourez nos annonces maintenant !<\/h3>\n\t\t\t\t\t\n                    <div class=\"rh_cta__btns_elementor_two\">\n\n\t\t\t\t\t\t                            <a href=\"#\"\n                               class=\"cta_two_elementor_first_button cta_two_elementor_button\">Contactez-nous<\/a>\n\t\t\t\t\t\t\n\t\t\t\t\t\t                            <a href=\"#\"\n                               class=\"cta_two_elementor_second_button cta_two_elementor_button\">Parcourez nos annonces<\/a>\n\t\t\t\t\t\t\n                    <\/div>\n\n                <\/div>\n            <\/div>\n\n        <\/section>\n\n\t\t\t\t<\/div>\n\t\t\t\t<\/div>\n\t\t\t\t\t<\/div>\n\t\t<\/div>\n\t\t\t\t\t<\/div>\n\t\t<\/section>\n\t\t\t\t<section class=\"elementor-section elementor-top-section elementor-element elementor-element-7f9c4c8c elementor-section-full_width elementor-section-height-default elementor-section-height-default\" data-id=\"7f9c4c8c\" data-element_type=\"section\">\n\t\t\t\t\t\t<div class=\"elementor-container elementor-column-gap-no\">\n\t\t\t\t\t<div class=\"elementor-column elementor-col-100 elementor-top-column elementor-element elementor-element-61c705b9\" data-id=\"61c705b9\" data-element_type=\"column\">\n\t\t\t<div class=\"elementor-widget-wrap elementor-element-populated\">\n\t\t\t\t\t\t<div class=\"elementor-element elementor-element-b79b69b elementor-widget elementor-widget-spacer\" data-id=\"b79b69b\" data-element_type=\"widget\" data-widget_type=\"spacer.default\">\n\t\t\t\t<div class=\"elementor-widget-container\">\n\t\t\t\t\t<div class=\"elementor-spacer\">\n\t\t\t<div class=\"elementor-spacer-inner\"><\/div>\n\t\t<\/div>\n\t\t\t\t<\/div>\n\t\t\t\t<\/div>\n\t\t\t\t\t<\/div>\n\t\t<\/div>\n\t\t\t\t\t<\/div>\n\t\t<\/section>\n\t\t\t\t<section class=\"elementor-section elementor-top-section elementor-element elementor-element-1a767c5c elementor-section-full_width elementor-section-height-default elementor-section-height-default\" data-id=\"1a767c5c\" data-element_type=\"section\">\n\t\t\t\t\t\t<div class=\"elementor-container elementor-column-gap-no\">\n\t\t\t\t\t<div class=\"elementor-column elementor-col-100 elementor-top-column elementor-element elementor-element-3a6ebcb8\" data-id=\"3a6ebcb8\" data-element_type=\"column\">\n\t\t\t<div class=\"elementor-widget-wrap elementor-element-populated\">\n\t\t\t\t\t\t<div class=\"elementor-element elementor-element-1b6b94e4 elementor-widget elementor-widget-ere-cta-three-widget\" data-id=\"1b6b94e4\" data-element_type=\"widget\" data-widget_type=\"ere-cta-three-widget.default\">\n\t\t\t\t<div class=\"elementor-widget-container\">\n\t\t\t\n\n\t\t\n        <section\n                class=\"rh_elementor_widget rh_section__cta_elementor_three rh_cta--featured_elementor\n rhea_flip_content_cta \">\n\n            <div class=\"rh_bg_cta_three\n     rhea_cta_flip_image\"\n                             ><\/div>\n\n\t\t\t                <div class=\"rhea_overlay_cta_3\"><\/div>\n\t\t\t\n            <div class=\"wrapper_content_cta_3_box\">\n\n                <div class=\"wrapper_content_cta_3_gutter\">\n                <\/div>\n                <div class=\"wrapper_content_cta_3\"\n                                     >\n\t\t\t\t\t                        <h2 class=\"rhea_label_cta_3\">\n\t\t\t\t\t\t\tFaites confiance \u00e0 nos d\u00e9cennies d&#039;expertise immobili\u00e8re pour un parcours immobilier fluide et r\u00e9ussi                        <\/h2>\n\t\t\t\t\t\t                        <div class=\"rhea_description_cta_3\">\n                            <p>\n\t                        Avec des d\u00e9cennies d'exp\u00e9rience dans l'industrie immobili\u00e8re, notre agence s'est forg\u00e9 une r\u00e9putation d'expertise in\u00e9gal\u00e9e et de service de qualit\u00e9. Notre \u00e9quipe de professionnels chevronn\u00e9s comprend les complexit\u00e9s du march\u00e9, des \u00e9valuations immobili\u00e8res et des tendances du march\u00e9, \u00e0 la n\u00e9gociation et \u00e0 la gestion de transactions. Nous avons aid\u00e9 d'innombrables clients \u00e0 naviguer dans le processus d'achat et de vente en toute confiance et facilit\u00e9, ce qui nous a valu une r\u00e9putation de confiance aupr\u00e8s des acheteurs et des vendeurs. Nos ann\u00e9es d'exp\u00e9rience nous ont dot\u00e9s des connaissances et des ressources n\u00e9cessaires pour fournir \u00e0 nos clients un parcours immobilier fluide et r\u00e9ussi, \u00e0 chaque \u00e9tape du processus. Que vous soyez un acheteur d\u00e9butant ou un investisseur chevronn\u00e9, faites confiance \u00e0 notre \u00e9quipe pour vous guider \u00e0 travers le processus et vous aider \u00e0 atteindre vos objectifs immobiliers.                            <\/p>\n                        <\/div>\n\t\t\t\t\t\t                        <div class=\"rh_cta__btns_elementor_three\">\n                            <a class=\"cta_three_elementor_button\"\n\t\t\t\t\t\t\t\t                                    href=\"#\">\n\t\t\t\t\t\t\t\tExplorer                            <\/a>\n                        <\/div>\n\t\t\t\t\t\t\n                <\/div>\n            <\/div>\n\n        <\/section>\n\n        \t\t<\/div>\n\t\t\t\t<\/div>\n\t\t\t\t\t<\/div>\n\t\t<\/div>\n\t\t\t\t\t<\/div>\n\t\t<\/section>\n\t\t\t\t<\/div>\n\t\t","protected":false},"excerpt":{"rendered":"<p>Une expertise immobili\u00e8re in\u00e9gal\u00e9e de confiance pour vous guider \u00e0 travers chaque \u00e9tape de votre parcours immobilier Rencontrer Notre \u00e9quipe inspirante Passionn\u00e9 par notre travail Ayoub Haffoudi Real Estate Agent Interactively procrastinate high-payoff content without backward-compatible data. Quickly cultivate optimal processes and tactical architectures. Completely&hellip; &nbsp; +212661545292 &nbsp; &#097;you&#098;&#064;f&#105;r&#115;&#116;&#105;mm&#111;tanger&#046;c&#111;&#109; Looking for More? D\u00e9couvrez votre maison&#8230;<\/p>\n","protected":false},"author":1,"featured_media":0,"parent":0,"menu_order":0,"comment_status":"closed","ping_status":"closed","template":"elementor_header_footer","meta":{"footnotes":""},"class_list":["post-5459","page","type-page","status-publish","hentry"],"lang":"fr","translations":{"fr":5459,"en":5462,"ar":5464},"pll_sync_post":[],"_links":{"self":[{"href":"https:\/\/firstimmotanger.ma\/index.php?rest_route=\/wp\/v2\/pages\/5459","targetHints":{"allow":["GET"]}}],"collection":[{"href":"https:\/\/firstimmotanger.ma\/index.php?rest_route=\/wp\/v2\/pages"}],"about":[{"href":"https:\/\/firstimmotanger.ma\/index.php?rest_route=\/wp\/v2\/types\/page"}],"author":[{"embeddable":true,"href":"https:\/\/firstimmotanger.ma\/index.php?rest_route=\/wp\/v2\/users\/1"}],"replies":[{"embeddable":true,"href":"https:\/\/firstimmotanger.ma\/index.php?rest_route=%2Fwp%2Fv2%2Fcomments&post=5459"}],"version-history":[{"count":20,"href":"https:\/\/firstimmotanger.ma\/index.php?rest_route=\/wp\/v2\/pages\/5459\/revisions"}],"predecessor-version":[{"id":6448,"href":"https:\/\/firstimmotanger.ma\/index.php?rest_route=\/wp\/v2\/pages\/5459\/revisions\/6448"}],"wp:attachment":[{"href":"https:\/\/firstimmotanger.ma\/index.php?rest_route=%2Fwp%2Fv2%2Fmedia&parent=5459"}],"curies":[{"name":"wp","href":"https:\/\/api.w.org\/{rel}","templated":true}]}}